{"id":1455,"date":"2020-03-16T14:12:42","date_gmt":"2020-03-16T13:12:42","guid":{"rendered":"https:\/\/superdye.be\/?page_id=1455\/"},"modified":"2020-03-16T14:49:03","modified_gmt":"2020-03-16T13:49:03","slug":"cookie-policy","status":"publish","type":"page","link":"https:\/\/superdye.be\/fr\/cookie-policy\/","title":{"rendered":"Cookie Policy"},"content":{"rendered":"<p>[vc_row css_animation=\u00a0\u00bb\u00a0\u00bb row_type=\u00a0\u00bbrow\u00a0\u00bb use_row_as_full_screen_section=\u00a0\u00bbno\u00a0\u00bb type=\u00a0\u00bbfull_width\u00a0\u00bb angled_section=\u00a0\u00bbno\u00a0\u00bb text_align=\u00a0\u00bbleft\u00a0\u00bb background_image_as_pattern=\u00a0\u00bbwithout_pattern\u00a0\u00bb padding_bottom=\u00a0\u00bb60&Prime; z_index=\u00a0\u00bb\u00a0\u00bb css=\u00a0\u00bb.vc_custom_1584366135103{padding-right: 15% !important;padding-left: 15% !important;}\u00a0\u00bb padding_top=\u00a0\u00bb30&Prime;][vc_column css_animation=\u00a0\u00bbnone\u00a0\u00bb][vc_column_text]<\/p>\n<h2><span style=\"color: #4dad32;\">Cookie policy<\/span><\/h2>\n<p>[\/vc_column_text][vc_separator type=\u00a0\u00bbsmall\u00a0\u00bb position=\u00a0\u00bbleft\u00a0\u00bb up=\u00a0\u00bb15&Prime; down=\u00a0\u00bb0&Prime; color=\u00a0\u00bb#4dad32&Prime; thickness=\u00a0\u00bb6&Prime;][\/vc_column][\/vc_row][vc_row css_animation=\u00a0\u00bb\u00a0\u00bb row_type=\u00a0\u00bbrow\u00a0\u00bb use_row_as_full_screen_section=\u00a0\u00bbno\u00a0\u00bb type=\u00a0\u00bbfull_width\u00a0\u00bb angled_section=\u00a0\u00bbno\u00a0\u00bb text_align=\u00a0\u00bbleft\u00a0\u00bb background_image_as_pattern=\u00a0\u00bbwithout_pattern\u00a0\u00bb padding_top=\u00a0\u00bb0&Prime; padding_bottom=\u00a0\u00bb90&Prime; css=\u00a0\u00bb.vc_custom_1584279637076{padding-right: 15% !important;padding-left: 15% !important;}\u00a0\u00bb z_index=\u00a0\u00bb\u00a0\u00bb][vc_column width=\u00a0\u00bb1\/2&Prime; css=\u00a0\u00bb.vc_custom_1551865775760{padding-right: 9% !important;}\u00a0\u00bb][vc_column_text]<\/p>\n<h4><span style=\"color: #4dad32;\">\u00c0 propos de l&rsquo;utilisation des cookies<\/span><\/h4>\n<p>[\/vc_column_text][vc_empty_space height=\u00a0\u00bb15&Prime;][vc_column_text el_class=\u00a0\u00bbT: +32 56 347 809&Prime;]<span style=\"color: #4dad32;\">Nous utilisons des cookies sur le site Internet <a href=\"https:\/\/superdye.be\">superdye.be<\/a>. Parce que nous nous soucions de votre vie priv\u00e9e et que nous voulons rendre votre visite sur notre site aussi agr\u00e9able que possible, nous pensons qu&rsquo;il est important que vous sachiez comment et pourquoi nous utilisons ces cookies.<\/span><\/p>\n<p><span style=\"color: #4dad32;\">Les cookies sont de petits fichiers texte qui sont stock\u00e9s par votre ordinateur ou appareil mobile lorsque vous visitez notre site Web. Ces cookies contiennent des informations telles que votre pr\u00e9f\u00e9rence de langue, de sorte que ces informations ne doivent pas \u00eatre saisies \u00e0 chaque fois que vous visitez \u00e0 nouveau le site Web.<\/span><\/p>\n<p><span style=\"color: #4dad32;\">Voulez-vous bloquer les cookies? Ensuite, vous pouvez toujours le faire via les param\u00e8tres de votre navigateur. Nous aimerions vous r\u00e9f\u00e9rer \u00e0 la page d&rsquo;aide de votre navigateur sp\u00e9cifique.<\/span>[\/vc_column_text][vc_empty_space height=\u00a0\u00bb30&Prime;][vc_column_text]<\/p>\n<h4><span style=\"color: #4dad32;\">Superdye utilise diff\u00e9rents cookies:<\/span><\/h4>\n<p>[\/vc_column_text][vc_empty_space height=\u00a0\u00bb15&Prime;][vc_column_text]<span style=\"color: #4dad32;\"><strong><span style=\"text-decoration: underline;\">Cookies fonctionnels ou n\u00e9cessaires<\/span><\/strong>: ce sont des cookies qui garantissent le bon fonctionnement du site Web (par exemple, cookies de connexion ou d&rsquo;enregistrement, pr\u00e9f\u00e9rences linguistiques).<\/span><\/p>\n<p>&nbsp;<\/p>\n<p><span style=\"color: #4dad32;\"><span style=\"text-decoration: underline;\"><strong>Cookies analytiques<\/strong><\/span>: via les cookies analytiques, nous collectons des informations sur l&rsquo;utilisation de nos sites Web par les utilisateurs avec l&rsquo;aide de tiers (p. ex. Google Analytics). En mesurant et en cartographiant l&rsquo;utilisation du site Web, nous pouvons l&rsquo;am\u00e9liorer et ainsi optimiser sa facilit\u00e9 d&rsquo;utilisation. Par exemple, les donn\u00e9es suivantes sont stock\u00e9es: caract\u00e9ristiques du navigateur, quand et pendant combien de temps vous utilisez le site Web; quelles pages sont visit\u00e9es, si les fonctionnalit\u00e9s sont utilis\u00e9es, &#8230;<\/span><\/p>\n<p>&nbsp;<\/p>\n<p><span style=\"color: #4dad32;\"><span style=\"text-decoration: underline;\"><strong>Cookies de m\u00e9dias sociaux de tiers<\/strong><\/span>: ces cookies sont plac\u00e9s par les sites Web de m\u00e9dias sociaux eux-m\u00eames et garantissent que les fonctions de ces sites Web sont possibles, p. ex. une vid\u00e9o YouTube, Google Maps, comme ou partager quelque chose via Facebook ou d&rsquo;autres canaux. Nous aimerions vous renvoyer aux d\u00e9clarations sur les sites Web de ces canaux de m\u00e9dias sociaux.<\/span>[\/vc_column_text][vc_empty_space height=\u00a0\u00bb30&Prime;][\/vc_column][vc_column width=\u00a0\u00bb1\/2&Prime;][vc_column_text]<\/p>\n<h4><span style=\"color: #4dad32;\">Les cookies sur notre site<\/span><\/h4>\n<p>[\/vc_column_text][vc_empty_space height=\u00a0\u00bb15&Prime;][vc_column_text]<span style=\"text-decoration: underline; color: #4dad32;\"><strong>Cookies internes<\/strong><\/span><\/p>\n<p><span style=\"color: #4dad32;\">Superdye utilise principalement des cookies propri\u00e9taires ou des cookies directs qui servent \u00e0 optimiser votre exp\u00e9rience utilisateur sur ce site Web. Cela signifie qu&rsquo;ils collectent uniquement des informations sur notre site Web lui-m\u00eame. Ils contr\u00f4lent la partie technique du site Web et se souviennent de certaines choses concernant le visiteur, telles que le choix de la langue, la page visit\u00e9e et le temps que le visiteur passe sur le site Web.<\/span>[\/vc_column_text][vc_empty_space height=\u00a0\u00bb15&Prime;][vc_column_text]<span style=\"text-decoration: underline; color: #4dad32;\"><strong>Cookies tiers<\/strong><\/span><\/p>\n<p><span style=\"color: #4dad32;\">En outre, il existe \u00e9galement des tiers avec un nom de domaine diff\u00e9rent qui placent des cookies via le site Web de Superdye. Google et Facebook en sont des exemples. Ils gardent une trace du comportement de navigation des utilisateurs et cr\u00e9ent un profil utilisateur bas\u00e9 sur ces donn\u00e9es.<\/span>[\/vc_column_text][vc_empty_space height=\u00a0\u00bb30&Prime;][vc_column_text]<\/p>\n<h4><span style=\"color: #4dad32;\">Parties qui peuvent placer des cookies<\/span><\/h4>\n<p>[\/vc_column_text][vc_empty_space height=\u00a0\u00bb15&Prime;][vc_column_text]<span style=\"color: #4dad32;\">Google Analytics, Google Adwords et Google Remarketing: https:\/\/www.google.be\/intl\/nl\/policies\/technologies\/cookies\/<\/span><br \/>\n<span style=\"color: #4dad32;\">Hubspot: https:\/\/legal.hubspot.com\/privacy-policy<\/span><br \/>\n<span style=\"color: #4dad32;\">Pixel Facebook: https:\/\/www.facebook.com\/policies\/cookies\/<\/span>[\/vc_column_text][vc_empty_space height=\u00a0\u00bb30&Prime;][vc_column_text]<\/p>\n<h4><span style=\"color: #4dad32;\">\u00c0 qui pouvez-vous vous adresser?<\/span><\/h4>\n<p>[\/vc_column_text][vc_empty_space height=\u00a0\u00bb15&Prime;][vc_column_text]<span style=\"color: #4dad32;\">Si vous avez des questions, des plaintes ou des commentaires concernant notre d\u00e9claration de confidentialit\u00e9 ou la fa\u00e7on dont nous traitons vos donn\u00e9es personnelles, y compris l&rsquo;exercice de vos droits, vous pouvez contacter Superdye.<\/span><\/p>\n<p><span style=\"color: #4dad32;\">Cela peut se faire via:<\/span><\/p>\n<p><span style=\"color: #4dad32;\">T\u00e9l\u00e9phone: +32 56 347 809<\/span><br \/>\n<span style=\"color: #4dad32;\">E-mail: <a href=\"mailto:info@superdye.be\">info@superdye.be<\/a><\/span>[\/vc_column_text][vc_empty_space height=\u00a0\u00bb30&Prime;][vc_column_text]<\/p>\n<h4><span style=\"color: #4dad32;\">Modifiabilit\u00e9<\/span><\/h4>\n<p>[\/vc_column_text][vc_empty_space height=\u00a0\u00bb15&Prime;][vc_column_text]<span style=\"color: #4dad32;\">Superdye a le droit de modifier cette d\u00e9claration de cookie. <\/span><\/p>\n<p><span style=\"color: #4dad32;\">Derni\u00e8re modification: <strong>15 mars 2020<\/strong><\/span><\/p>\n<p>[\/vc_column_text][vc_empty_space height=\u00a0\u00bb30&Prime;][\/vc_column][\/vc_row]<\/p>\n","protected":false},"excerpt":{"rendered":"<p>[vc_row css_animation=\u00a0\u00bb\u00a0\u00bb row_type=\u00a0\u00bbrow\u00a0\u00bb use_row_as_full_screen_section=\u00a0\u00bbno\u00a0\u00bb type=\u00a0\u00bbfull_width\u00a0\u00bb angled_section=\u00a0\u00bbno\u00a0\u00bb text_align=\u00a0\u00bbleft\u00a0\u00bb background_image_as_pattern=\u00a0\u00bbwithout_pattern\u00a0\u00bb padding_bottom=\u00a0\u00bb60&Prime; z_index=\u00a0\u00bb\u00a0\u00bb css=\u00a0\u00bb.vc_custom_1584366135103{padding-right: 15% !important;padding-left: 15% !important;}\u00a0\u00bb padding_top=\u00a0\u00bb30&Prime;][vc_column css_animation=\u00a0\u00bbnone\u00a0\u00bb][vc_column_text] Cookie policy [\/vc_column_text][vc_separator type=\u00a0\u00bbsmall\u00a0\u00bb position=\u00a0\u00bbleft\u00a0\u00bb up=\u00a0\u00bb15&Prime; down=\u00a0\u00bb0&Prime; color=\u00a0\u00bb#4dad32&Prime; thickness=\u00a0\u00bb6&Prime;][\/vc_column][\/vc_row][vc_row css_animation=\u00a0\u00bb\u00a0\u00bb row_type=\u00a0\u00bbrow\u00a0\u00bb use_row_as_full_screen_section=\u00a0\u00bbno\u00a0\u00bb type=\u00a0\u00bbfull_width\u00a0\u00bb angled_section=\u00a0\u00bbno\u00a0\u00bb text_align=\u00a0\u00bbleft\u00a0\u00bb background_image_as_pattern=\u00a0\u00bbwithout_pattern\u00a0\u00bb padding_top=\u00a0\u00bb0&Prime; padding_bottom=\u00a0\u00bb90&Prime; css=\u00a0\u00bb.vc_custom_1584279637076{padding-right: 15% !important;padding-left: 15% !important;}\u00a0\u00bb z_index=\u00a0\u00bb\u00a0\u00bb][vc_column width=\u00a0\u00bb1\/2&Prime; css=\u00a0\u00bb.vc_custom_1551865775760{padding-right: 9% !important;}\u00a0\u00bb][vc_column_text] \u00c0 propos de l&rsquo;utilisation des cookies [\/vc_column_text][vc_empty_space height=\u00a0\u00bb15&Prime;][vc_column_text el_class=\u00a0\u00bbT: +32 56 347 809&Prime;]Nous utilisons des cookies sur le site Internet superdye.be. Parce que nous nous soucions de votre vie priv\u00e9e et que nous voulons rendre votre visite sur notre site aussi agr\u00e9able que possible, nous pensons qu&rsquo;il est important que vous sachiez comment et pourquoi nous utilisons ces cookies. Les cookies sont de petits fichiers texte qui sont stock\u00e9s par votre ordinateur ou appareil mobile lorsque vous visitez notre site Web. Ces cookies contiennent des informations telles que votre pr\u00e9f\u00e9rence de langue, de sorte que&#8230;<\/p>\n","protected":false},"author":1,"featured_media":0,"parent":0,"menu_order":18,"comment_status":"closed","ping_status":"closed","template":"full_width.php","meta":{"footnotes":""},"class_list":["post-1455","page","type-page","status-publish","hentry"],"_links":{"self":[{"href":"https:\/\/superdye.be\/fr\/wp-json\/wp\/v2\/pages\/1455","targetHints":{"allow":["GET"]}}],"collection":[{"href":"https:\/\/superdye.be\/fr\/wp-json\/wp\/v2\/pages"}],"about":[{"href":"https:\/\/superdye.be\/fr\/wp-json\/wp\/v2\/types\/page"}],"author":[{"embeddable":true,"href":"https:\/\/superdye.be\/fr\/wp-json\/wp\/v2\/users\/1"}],"replies":[{"embeddable":true,"href":"https:\/\/superdye.be\/fr\/wp-json\/wp\/v2\/comments?post=1455"}],"version-history":[{"count":5,"href":"https:\/\/superdye.be\/fr\/wp-json\/wp\/v2\/pages\/1455\/revisions"}],"predecessor-version":[{"id":1471,"href":"https:\/\/superdye.be\/fr\/wp-json\/wp\/v2\/pages\/1455\/revisions\/1471"}],"wp:attachment":[{"href":"https:\/\/superdye.be\/fr\/wp-json\/wp\/v2\/media?parent=1455"}],"curies":[{"name":"wp","href":"https:\/\/api.w.org\/{rel}","templated":true}]}}